{"id":88722,"date":"2021-01-20T11:38:38","date_gmt":"2021-01-20T11:38:38","guid":{"rendered":"https:\/\/www.nbn.org.il\/nbnlsp\/?page_id=88722"},"modified":"2022-01-12T07:51:46","modified_gmt":"2022-01-12T07:51:46","slug":"articles-for-lone-soldiers","status":"publish","type":"page","link":"https:\/\/www.nbn.org.il\/nbnlsp\/articles-for-lone-soldiers\/?lang=fr","title":{"rendered":"Articles for Lone Soldiers"},"content":{"rendered":"<p><div class=\"fusion-fullwidth fullwidth-box fusion-builder-row-1 fusion-parallax-none hundred-percent-fullwidth non-hundred-percent-height-scrolling\" style=\"--awb-border-radius-top-left:0px;--awb-border-radius-top-right:0px;--awb-border-radius-bottom-right:0px;--awb-border-radius-bottom-left:0px;--awb-margin-top:-20px;--awb-background-image:url(&quot;https:\/\/www.nbn.org.il\/nbnlsp\/wp-content\/uploads\/2019\/10\/header_05.jpg&quot;);--awb-background-size:cover;--awb-flex-wrap:wrap;\" ><div class=\"fusion-builder-row fusion-row\"><div class=\"fusion-layout-column fusion_builder_column fusion-builder-column-0 fusion_builder_column_1_5 1_5 fusion-one-fifth fusion-column-first logopadding\" style=\"--awb-bg-size:cover;width:20%;width:calc(20% - ( ( 4% ) * 0.2 ) );margin-right: 4%;\"><div class=\"fusion-column-wrapper fusion-column-has-shadow fusion-flex-column-wrapper-legacy\"><div class=\"fusion-sep-clear\"><\/div><div class=\"fusion-separator fusion-full-width-sep\" style=\"margin-left: auto;margin-right: auto;margin-top:150px;margin-bottom:160px;width:100%;\"><\/div><div class=\"fusion-sep-clear\"><\/div><div class=\"fusion-image-element fusion-image-align-left in-legacy-container\" style=\"text-align:left;--awb-max-width:200px;--awb-caption-title-font-family:var(--h2_typography-font-family);--awb-caption-title-font-weight:var(--h2_typography-font-weight);--awb-caption-title-font-style:var(--h2_typography-font-style);--awb-caption-title-size:var(--h2_typography-font-size);--awb-caption-title-transform:var(--h2_typography-text-transform);--awb-caption-title-line-height:var(--h2_typography-line-height);--awb-caption-title-letter-spacing:var(--h2_typography-letter-spacing);\"><span class=\" fusion-imageframe imageframe-none imageframe-1 hover-type-none\" style=\"margin-right:25px;float:left;\"><img decoding=\"async\" width=\"222\" height=\"253\" title=\"logo\" src=\"https:\/\/www.nbn.org.il\/nbnlsp\/wp-content\/uploads\/2019\/10\/logo.png\" alt class=\"img-responsive wp-image-120\" srcset=\"https:\/\/www.nbn.org.il\/nbnlsp\/wp-content\/uploads\/2019\/10\/logo-200x228.png 200w, https:\/\/www.nbn.org.il\/nbnlsp\/wp-content\/uploads\/2019\/10\/logo.png 222w\" sizes=\"(max-width: 800px) 100vw, 222px\" \/><\/span><\/div><div class=\"fusion-clearfix\"><\/div><\/div><\/div><\/div><\/div><div class=\"fusion-fullwidth fullwidth-box fusion-builder-row-2 nonhundred-percent-fullwidth non-hundred-percent-height-scrolling\" style=\"--awb-border-radius-top-left:0px;--awb-border-radius-top-right:0px;--awb-border-radius-bottom-right:0px;--awb-border-radius-bottom-left:0px;--awb-margin-bottom:40px;--awb-flex-wrap:wrap;\" ><div class=\"fusion-builder-row fusion-row\"><div class=\"fusion-layout-column fusion_builder_column fusion-builder-column-1 fusion_builder_column_1_1 1_1 fusion-one-full fusion-column-first fusion-column-last\" style=\"--awb-padding-right:10px;--awb-padding-left:10px;--awb-bg-size:cover;\"><div class=\"fusion-column-wrapper fusion-column-has-shadow fusion-flex-column-wrapper-legacy\"><div class=\"fusion-text fusion-text-1 greentitle2\"><p style=\"text-align: center;\">ARTICLES POUR SOLDATS SEULS<\/p>\n<\/div><div class=\"fusion-text fusion-text-2\"><\/div><div class=\"fusion-clearfix\"><\/div><\/div><\/div><\/div><\/div><div class=\"fusion-fullwidth fullwidth-box fusion-builder-row-3 nonhundred-percent-fullwidth non-hundred-percent-height-scrolling\" style=\"--awb-border-radius-top-left:0px;--awb-border-radius-top-right:0px;--awb-border-radius-bottom-right:0px;--awb-border-radius-bottom-left:0px;--awb-flex-wrap:wrap;\" ><div class=\"fusion-builder-row fusion-row\"><div class=\"fusion-layout-column fusion_builder_column fusion-builder-column-2 fusion_builder_column_1_4 1_4 fusion-one-fourth fusion-column-first\" style=\"--awb-padding-top:10px;--awb-padding-right:10px;--awb-padding-bottom:10px;--awb-padding-left:10px;--awb-overflow:hidden;--awb-bg-size:cover;--awb-box-shadow:1px 1px 5px 4px rgba(221,221,221,0.78);;--awb-border-color:#016039;--awb-border-top:1px;--awb-border-right:1px;--awb-border-bottom:1px;--awb-border-left:1px;--awb-border-style:solid;--awb-border-radius:5px 5px 5px 5px;width:25%;width:calc(25% - ( ( 4% + 4% + 4% ) * 0.25 ) );margin-right: 4%;\"><div class=\"fusion-column-wrapper fusion-column-has-shadow fusion-flex-column-wrapper-legacy\"><div class=\"fusion-text fusion-text-3\"><p><span style=\"color: #016039;\"><strong>Pre Army<\/strong><\/span><\/p>\n<\/div><div class=\"fusion-text fusion-text-4\"><form name=\"jump\" style=\"padding-left:10px;\"><select style=\"width:95%\" name=\"menu\" onChange=\"location=this.form.menu.options[this.form.menu.selectedIndex].value;\"><option value=\"\" selected >Select an article<\/option><\/select><\/form>\n<\/div><div class=\"fusion-clearfix\"><\/div><\/div><\/div><div class=\"fusion-layout-column fusion_builder_column fusion-builder-column-3 fusion_builder_column_1_4 1_4 fusion-one-fourth\" style=\"--awb-padding-top:10px;--awb-padding-right:10px;--awb-padding-bottom:10px;--awb-padding-left:10px;--awb-overflow:hidden;--awb-bg-size:cover;--awb-box-shadow:1px 1px 5px 4px rgba(221,221,221,0.78);;--awb-border-color:#016039;--awb-border-top:1px;--awb-border-right:1px;--awb-border-bottom:1px;--awb-border-left:1px;--awb-border-style:solid;--awb-border-radius:5px 5px 5px 5px;width:25%;width:calc(25% - ( ( 4% + 4% + 4% ) * 0.25 ) );margin-right: 4%;\"><div class=\"fusion-column-wrapper fusion-column-has-shadow fusion-flex-column-wrapper-legacy\"><div class=\"fusion-text fusion-text-5\"><p><span style=\"color: #016039;\"><strong>Pre Army Mechinot<\/strong><\/span><\/p>\n<\/div><div class=\"fusion-text fusion-text-6\"><form name=\"jump\" style=\"padding-left:10px;\"><select style=\"width:95%\" name=\"menu\" onChange=\"location=this.form.menu.options[this.form.menu.selectedIndex].value;\"><option value=\"\" selected >Select an article<\/option><\/select><\/form>\n<\/div><div class=\"fusion-clearfix\"><\/div><\/div><\/div><div class=\"fusion-layout-column fusion_builder_column fusion-builder-column-4 fusion_builder_column_1_4 1_4 fusion-one-fourth\" style=\"--awb-padding-top:10px;--awb-padding-right:10px;--awb-padding-bottom:10px;--awb-padding-left:10px;--awb-overflow:hidden;--awb-bg-size:cover;--awb-box-shadow:1px 1px 5px 4px rgba(221,221,221,0.78);;--awb-border-color:#016039;--awb-border-top:1px;--awb-border-right:1px;--awb-border-bottom:1px;--awb-border-left:1px;--awb-border-style:solid;--awb-border-radius:5px 5px 5px 5px;width:25%;width:calc(25% - ( ( 4% + 4% + 4% ) * 0.25 ) );margin-right: 4%;\"><div class=\"fusion-column-wrapper fusion-column-has-shadow fusion-flex-column-wrapper-legacy\"><div class=\"fusion-text fusion-text-7\"><p><span style=\"color: #016039;\"><strong>Active Service<\/strong><\/span><\/p>\n<\/div><div class=\"fusion-text fusion-text-8\"><form name=\"jump\" style=\"padding-left:10px;\"><select style=\"width:95%\" name=\"menu\" onChange=\"location=this.form.menu.options[this.form.menu.selectedIndex].value;\"><option value=\"\" selected >Select an article<\/option><\/select><\/form>\n<\/div><div class=\"fusion-clearfix\"><\/div><\/div><\/div><div class=\"fusion-layout-column fusion_builder_column fusion-builder-column-5 fusion_builder_column_1_4 1_4 fusion-one-fourth fusion-column-last\" style=\"--awb-padding-top:10px;--awb-padding-right:10px;--awb-padding-bottom:10px;--awb-padding-left:10px;--awb-overflow:hidden;--awb-bg-size:cover;--awb-box-shadow:1px 1px 5px 4px rgba(221,221,221,0.78);;--awb-border-color:#016039;--awb-border-top:1px;--awb-border-right:1px;--awb-border-bottom:1px;--awb-border-left:1px;--awb-border-style:solid;--awb-border-radius:5px 5px 5px 5px;width:25%;width:calc(25% - ( ( 4% + 4% + 4% ) * 0.25 ) );\"><div class=\"fusion-column-wrapper fusion-column-has-shadow fusion-flex-column-wrapper-legacy\"><div class=\"fusion-text fusion-text-9\"><p><span style=\"color: #016039;\"><strong>Post Army<\/strong><\/span><\/p>\n<\/div><div class=\"fusion-text fusion-text-10\"><form name=\"jump\" style=\"padding-left:10px;\"><select style=\"width:95%\" name=\"menu\" onChange=\"location=this.form.menu.options[this.form.menu.selectedIndex].value;\"><option value=\"\" selected >Select an article<\/option><\/select><\/form>\n<\/div><div class=\"fusion-clearfix\"><\/div><\/div><\/div><\/div><\/div><div class=\"fusion-fullwidth fullwidth-box fusion-builder-row-4 nonhundred-percent-fullwidth non-hundred-percent-height-scrolling\" style=\"--awb-border-radius-top-left:0px;--awb-border-radius-top-right:0px;--awb-border-radius-bottom-right:0px;--awb-border-radius-bottom-left:0px;--awb-padding-top:50px;--awb-padding-bottom:50px;--awb-margin-top:35px;--awb-margin-bottom:35px;--awb-background-color:rgba(234,234,234,0.66);--awb-flex-wrap:wrap;\" ><div class=\"fusion-builder-row fusion-row\"><div class=\"fusion-layout-column fusion_builder_column fusion-builder-column-6 fusion_builder_column_1_1 1_1 fusion-one-full fusion-column-first fusion-column-last\" style=\"--awb-bg-size:cover;\"><div class=\"fusion-column-wrapper fusion-column-has-shadow fusion-flex-column-wrapper-legacy\"><div class=\"fusion-text fusion-text-11 greentitle2\"><p style=\"text-align: center;\">Livrets d&#8217;information<\/p>\n<\/div><div class=\"fusion-clearfix\"><\/div><\/div><\/div><div class=\"fusion-layout-column fusion_builder_column fusion-builder-column-7 fusion_builder_column_1_3 1_3 fusion-one-third fusion-column-first\" style=\"--awb-bg-size:cover;width:33.333333333333%;width:calc(33.333333333333% - ( ( 4% + 4% ) * 0.33333333333333 ) );margin-right: 4%;\"><div class=\"fusion-column-wrapper fusion-column-has-shadow fusion-flex-column-wrapper-legacy\"><div class=\"fusion-align-block\"><a class=\"fusion-button button-flat button-xlarge button-custom fusion-button-default button-1 fusion-button-default-span fusion-button-default-type\" style=\"--button_accent_color:#ffffff;--button_accent_hover_color:#6ea552;--button_border_hover_color:#6ea552;--button_border_width-top:1px;--button_border_width-right:1px;--button_border_width-bottom:1px;--button_border_width-left:1px;--button_gradient_top_color:#6ea552;--button_gradient_bottom_color:#6ea552;--button_gradient_top_color_hover:#ffffff;--button_gradient_bottom_color_hover:#ffffff;width:calc(100%);\" target=\"_blank\" rel=\"noopener noreferrer\" href=\"https:\/\/www.nbn.org.il\/nbnlsp\/wp-content\/uploads\/2020\/07\/idfjobs.pdf\"><span class=\"fusion-button-text awb-button__text awb-button__text--default\">Postes militaires<\/span><\/a><\/div><div class=\"fusion-clearfix\"><\/div><\/div><\/div><div class=\"fusion-layout-column fusion_builder_column fusion-builder-column-8 fusion_builder_column_1_3 1_3 fusion-one-third\" style=\"--awb-bg-size:cover;width:33.333333333333%;width:calc(33.333333333333% - ( ( 4% + 4% ) * 0.33333333333333 ) );margin-right: 4%;\"><div class=\"fusion-column-wrapper fusion-column-has-shadow fusion-flex-column-wrapper-legacy\"><div class=\"fusion-align-block\"><a class=\"fusion-button button-flat button-xlarge button-custom fusion-button-default button-2 fusion-button-default-span fusion-button-default-type\" style=\"--button_accent_color:#ffffff;--button_accent_hover_color:#6ea552;--button_border_hover_color:#6ea552;--button_border_width-top:1px;--button_border_width-right:1px;--button_border_width-bottom:1px;--button_border_width-left:1px;--button_gradient_top_color:#6ea552;--button_gradient_bottom_color:#6ea552;--button_gradient_top_color_hover:#ffffff;--button_gradient_bottom_color_hover:#ffffff;width:calc(100%);\" target=\"_blank\" rel=\"noopener noreferrer\" href=\"https:\/\/www.nbn.org.il\/nbnlsp\/wp-content\/uploads\/2021\/01\/Rights-and-Benefits-fr.pdf\"><span class=\"fusion-button-text awb-button__text awb-button__text--default\">Droits et avantages<\/span><\/a><\/div><div class=\"fusion-clearfix\"><\/div><\/div><\/div><div class=\"fusion-layout-column fusion_builder_column fusion-builder-column-9 fusion_builder_column_1_3 1_3 fusion-one-third fusion-column-last\" style=\"--awb-bg-size:cover;width:33.333333333333%;width:calc(33.333333333333% - ( ( 4% + 4% ) * 0.33333333333333 ) );\"><div class=\"fusion-column-wrapper fusion-column-has-shadow fusion-flex-column-wrapper-legacy\"><div class=\"fusion-align-block\"><a class=\"fusion-button button-flat button-xlarge button-custom fusion-button-default button-3 fusion-button-default-span fusion-button-default-type\" style=\"--button_accent_color:#ffffff;--button_accent_hover_color:#6ea552;--button_border_hover_color:#6ea552;--button_border_width-top:1px;--button_border_width-right:1px;--button_border_width-bottom:1px;--button_border_width-left:1px;--button_gradient_top_color:#6ea552;--button_gradient_bottom_color:#6ea552;--button_gradient_top_color_hover:#ffffff;--button_gradient_bottom_color_hover:#ffffff;width:calc(100%);\" target=\"_blank\" rel=\"noopener noreferrer\" href=\"https:\/\/www.nbn.org.il\/nbnlsp\/wp-content\/uploads\/2020\/07\/Day-of-draft.pdf\"><span class=\"fusion-button-text awb-button__text awb-button__text--default\">Jour de l&#8217;enr\u00f4lement<\/span><\/a><\/div><div class=\"fusion-clearfix\"><\/div><\/div><\/div><div class=\"fusion-layout-column fusion_builder_column fusion-builder-column-10 fusion_builder_column_1_3 1_3 fusion-one-third fusion-column-first\" style=\"--awb-bg-size:cover;width:33.333333333333%;width:calc(33.333333333333% - ( ( 4% + 4% ) * 0.33333333333333 ) );margin-right: 4%;\"><div class=\"fusion-column-wrapper fusion-column-has-shadow fusion-flex-column-wrapper-legacy\"><div class=\"fusion-align-block\"><a class=\"fusion-button button-flat button-xlarge button-custom fusion-button-default button-4 fusion-button-default-span fusion-button-default-type\" style=\"--button_accent_color:#ffffff;--button_accent_hover_color:#6ea552;--button_border_hover_color:#6ea552;--button_border_width-top:1px;--button_border_width-right:1px;--button_border_width-bottom:1px;--button_border_width-left:1px;--button_gradient_top_color:#6ea552;--button_gradient_bottom_color:#6ea552;--button_gradient_top_color_hover:#ffffff;--button_gradient_bottom_color_hover:#ffffff;width:calc(100%);\" target=\"_blank\" rel=\"noopener noreferrer\" href=\"https:\/\/www.nbn.org.il\/nbnlsp\/wp-content\/uploads\/2020\/09\/parents-informational-pamphlet.pdf\"><span class=\"fusion-button-text awb-button__text awb-button__text--default\">Parents de soldats seuls<\/span><\/a><\/div><div class=\"fusion-clearfix\"><\/div><\/div><\/div><div class=\"fusion-layout-column fusion_builder_column fusion-builder-column-11 fusion_builder_column_1_3 1_3 fusion-one-third\" style=\"--awb-bg-size:cover;width:33.333333333333%;width:calc(33.333333333333% - ( ( 4% + 4% ) * 0.33333333333333 ) );margin-right: 4%;\"><div class=\"fusion-column-wrapper fusion-column-has-shadow fusion-flex-column-wrapper-legacy\"><div class=\"fusion-align-block\"><a class=\"fusion-button button-flat button-xlarge button-custom fusion-button-default button-5 fusion-button-default-span fusion-button-default-type\" style=\"--button_accent_color:#ffffff;--button_accent_hover_color:#6ea552;--button_border_hover_color:#6ea552;--button_border_width-top:1px;--button_border_width-right:1px;--button_border_width-bottom:1px;--button_border_width-left:1px;--button_gradient_top_color:#6ea552;--button_gradient_bottom_color:#6ea552;--button_gradient_top_color_hover:#ffffff;--button_gradient_bottom_color_hover:#ffffff;width:calc(100%);\" target=\"_blank\" rel=\"noopener noreferrer\" href=\"https:\/\/www.nbn.org.il\/nbnlsp\/wp-content\/uploads\/2020\/07\/post-army-booklet.pdf\"><span class=\"fusion-button-text awb-button__text awb-button__text--default\">Brochure post arm\u00e9e<\/span><\/a><\/div><div class=\"fusion-clearfix\"><\/div><\/div><\/div><div class=\"fusion-layout-column fusion_builder_column fusion-builder-column-12 fusion_builder_column_1_3 1_3 fusion-one-third fusion-column-last\" style=\"--awb-bg-size:cover;width:33.333333333333%;width:calc(33.333333333333% - ( ( 4% + 4% ) * 0.33333333333333 ) );\"><div class=\"fusion-column-wrapper fusion-column-has-shadow fusion-flex-column-wrapper-legacy\"><div class=\"fusion-align-block\"><a class=\"fusion-button button-flat button-xlarge button-custom fusion-button-default button-6 fusion-button-default-span fusion-button-default-type\" style=\"--button_accent_color:#ffffff;--button_accent_hover_color:#6ea552;--button_border_hover_color:#6ea552;--button_border_width-top:1px;--button_border_width-right:1px;--button_border_width-bottom:1px;--button_border_width-left:1px;--button_gradient_top_color:#6ea552;--button_gradient_bottom_color:#6ea552;--button_gradient_top_color_hover:#ffffff;--button_gradient_bottom_color_hover:#ffffff;width:calc(100%);\" target=\"_blank\" rel=\"noopener noreferrer\" href=\"https:\/\/www.nbn.org.il\/nbnlsp\/wp-content\/uploads\/2020\/08\/Slang-Booklet.pdf\"><span class=\"fusion-button-text awb-button__text awb-button__text--default\">Livret de l&#8217;argot militaire<\/span><\/a><\/div><div class=\"fusion-clearfix\"><\/div><\/div><\/div><\/div><\/div><div class=\"fusion-fullwidth fullwidth-box fusion-builder-row-5 nonhundred-percent-fullwidth non-hundred-percent-height-scrolling\" style=\"--awb-border-radius-top-left:0px;--awb-border-radius-top-right:0px;--awb-border-radius-bottom-right:0px;--awb-border-radius-bottom-left:0px;--awb-padding-top:30px;--awb-padding-right:15px;--awb-padding-bottom:15px;--awb-padding-left:15px;--awb-background-color:#91c546;--awb-flex-wrap:wrap;\" ><div class=\"fusion-builder-row fusion-row\"><div class=\"fusion-layout-column fusion_builder_column fusion-builder-column-13 fusion_builder_column_1_3 1_3 fusion-one-third fusion-column-first\" style=\"--awb-bg-size:cover;width:33.333333333333%;width:calc(33.333333333333% - ( ( 4% + 4% ) * 0.33333333333333 ) );margin-right: 4%;\"><div class=\"fusion-column-wrapper fusion-column-has-shadow fusion-flex-column-wrapper-legacy\"><div class=\"fusion-text fusion-text-12 footerheaders\"><p>appelez-nous d\u00e8s aujourd\u2019hui !<\/p>\n<\/div><div class=\"fusion-text fusion-text-13\"><p><span style=\"color: #ffffff;\">*6563 \u00e0 partir d\u2019Isra\u00ebl<\/span><br \/>\n<span style=\"color: #ffffff;\">du dimanche au jeudi \u2013 de 9h \u00e0 23h<\/span><br \/>\n<span style=\"color: #ffffff;\">horaires isra\u00ebliennes (hors jours f\u00e9ri\u00e9s)<\/span><\/p>\n<\/div><div class=\"fusion-clearfix\"><\/div><\/div><\/div><div class=\"fusion-layout-column fusion_builder_column fusion-builder-column-14 fusion_builder_column_1_3 1_3 fusion-one-third\" style=\"--awb-bg-size:cover;width:33.333333333333%;width:calc(33.333333333333% - ( ( 4% + 4% ) * 0.33333333333333 ) );margin-right: 4%;\"><div class=\"fusion-column-wrapper fusion-column-has-shadow fusion-flex-column-wrapper-legacy\"><div class=\"fusion-text fusion-text-14 footerheaders\"><p>Envoyez un mail<\/p>\n<\/div><div class=\"fusion-text fusion-text-15\"><p><a href=\"mailto:lspen@nbn.org.il\"><img decoding=\"async\" class=\"alignnone wp-image-90 size-full\" src=\"https:\/\/www.nbn.org.il\/nbnlsp\/wp-content\/uploads\/2019\/10\/email.png\" alt=\"\" width=\"79\" height=\"58\" \/><\/a><\/p>\n<\/div><div class=\"fusion-clearfix\"><\/div><\/div><\/div><div class=\"fusion-layout-column fusion_builder_column fusion-builder-column-15 fusion_builder_column_1_3 1_3 fusion-one-third fusion-column-last\" style=\"--awb-bg-size:cover;width:33.333333333333%;width:calc(33.333333333333% - ( ( 4% + 4% ) * 0.33333333333333 ) );\"><div class=\"fusion-column-wrapper fusion-column-has-shadow fusion-flex-column-wrapper-legacy\"><div class=\"fusion-text fusion-text-16 footerheaders\"><p>Nous contacter<\/p>\n<\/div><div class=\"fusion-text fusion-text-17\"><p><a href=\"https:\/\/m.facebook.com\/profile.php?id=615372478505941&amp;ref=content_filter\" target=\"_blank\" rel=\"noopener noreferrer\"><img decoding=\"async\" class=\"alignnone wp-image-88059 size-full\" src=\"https:\/\/www.nbn.org.il\/nbnlsp\/wp-content\/uploads\/2020\/07\/fb_sm.png\" alt=\"\" width=\"50\" height=\"50\" \/><\/a>\u00a0 <a href=\"https:\/\/instagram.com\/nefeshbnefesh_en_francais?igshid=1iohoo8tumq1f\" target=\"_blank\" rel=\"noopener noreferrer\"><img decoding=\"async\" class=\"alignnone wp-image-88064 size-full\" src=\"https:\/\/www.nbn.org.il\/nbnlsp\/wp-content\/uploads\/2020\/07\/insta_sm.png\" alt=\"\" width=\"50\" height=\"50\" \/><\/a><\/p>\n<\/div><div class=\"fusion-clearfix\"><\/div><\/div><\/div><\/div><\/div>\n<div class=\"fusion-fullwidth fullwidth-box fusion-builder-row-6 nonhundred-percent-fullwidth non-hundred-percent-height-scrolling\" style=\"--awb-border-radius-top-left:0px;--awb-border-radius-top-right:0px;--awb-border-radius-bottom-right:0px;--awb-border-radius-bottom-left:0px;--awb-padding-top:20px;--awb-padding-right:15px;--awb-padding-bottom:15px;--awb-padding-left:15px;--awb-background-color:#f3f9ec;--awb-flex-wrap:wrap;\" ><div class=\"fusion-builder-row fusion-row\"><div class=\"fusion-layout-column fusion_builder_column fusion-builder-column-16 fusion_builder_column_1_1 1_1 fusion-one-full fusion-column-first fusion-column-last\" style=\"--awb-bg-size:cover;\"><div class=\"fusion-column-wrapper fusion-column-has-shadow fusion-flex-column-wrapper-legacy\"><div class=\"fusion-text fusion-text-18 disclaimer\"><p><b>Avertissement:<\/b><br \/>\nLe r\u00f4le de Nefesh BeNefesh et de ses partenaires est d\u2019aider les nouveaux immigrants en Isra\u00ebl qui sont enr\u00f4l\u00e9s dans Tsahal. Ce n\u2019est pas l\u2019objectif, ni le cadre des activit\u00e9s de notre organisation ou de ses partenaires, d\u2019aider \u00e0 recruter des soldats pour l\u2019arm\u00e9e isra\u00eblienne.<\/p>\n<\/div><div class=\"fusion-clearfix\"><\/div><\/div><\/div><\/div><\/div>\n<div class=\"fusion-fullwidth fullwidth-box fusion-builder-row-7 nonhundred-percent-fullwidth non-hundred-percent-height-scrolling\" style=\"--awb-border-radius-top-left:0px;--awb-border-radius-top-right:0px;--awb-border-radius-bottom-right:0px;--awb-border-radius-bottom-left:0px;--awb-padding-top:20px;--awb-padding-right:15px;--awb-padding-bottom:15px;--awb-padding-left:15px;--awb-background-color:#f3f9ec;--awb-flex-wrap:wrap;\" ><\/div>\n<\/p>\n","protected":false},"excerpt":{"rendered":"","protected":false},"author":2,"featured_media":0,"parent":0,"menu_order":0,"comment_status":"closed","ping_status":"closed","template":"100-width.php","meta":{"_monsterinsights_skip_tracking":false,"_monsterinsights_sitenote_active":false,"_monsterinsights_sitenote_note":"","_monsterinsights_sitenote_category":0,"footnotes":""},"class_list":["post-88722","page","type-page","status-publish","hentry"],"_links":{"self":[{"href":"https:\/\/www.nbn.org.il\/nbnlsp\/wp-json\/wp\/v2\/pages\/88722","targetHints":{"allow":["GET"]}}],"collection":[{"href":"https:\/\/www.nbn.org.il\/nbnlsp\/wp-json\/wp\/v2\/pages"}],"about":[{"href":"https:\/\/www.nbn.org.il\/nbnlsp\/wp-json\/wp\/v2\/types\/page"}],"author":[{"embeddable":true,"href":"https:\/\/www.nbn.org.il\/nbnlsp\/wp-json\/wp\/v2\/users\/2"}],"replies":[{"embeddable":true,"href":"https:\/\/www.nbn.org.il\/nbnlsp\/wp-json\/wp\/v2\/comments?post=88722"}],"version-history":[{"count":8,"href":"https:\/\/www.nbn.org.il\/nbnlsp\/wp-json\/wp\/v2\/pages\/88722\/revisions"}],"predecessor-version":[{"id":89044,"href":"https:\/\/www.nbn.org.il\/nbnlsp\/wp-json\/wp\/v2\/pages\/88722\/revisions\/89044"}],"wp:attachment":[{"href":"https:\/\/www.nbn.org.il\/nbnlsp\/wp-json\/wp\/v2\/media?parent=88722"}],"curies":[{"name":"wp","href":"https:\/\/api.w.org\/{rel}","templated":true}]}}