{"id":88647,"date":"2021-01-12T12:24:56","date_gmt":"2021-01-12T12:24:56","guid":{"rendered":"https:\/\/www.nbn.org.il\/nbnlsp\/?page_id=88647"},"modified":"2023-02-28T08:29:38","modified_gmt":"2023-02-28T08:29:38","slug":"register","status":"publish","type":"page","link":"https:\/\/www.nbn.org.il\/nbnlsp\/register\/?lang=es","title":{"rendered":"Register"},"content":{"rendered":"<p><div class=\"fusion-fullwidth fullwidth-box fusion-builder-row-1 fusion-parallax-none hundred-percent-fullwidth non-hundred-percent-height-scrolling\" style=\"--awb-border-radius-top-left:0px;--awb-border-radius-top-right:0px;--awb-border-radius-bottom-right:0px;--awb-border-radius-bottom-left:0px;--awb-margin-top:-20px;--awb-background-image:url(&quot;https:\/\/www.nbn.org.il\/nbnlsp\/wp-content\/uploads\/2020\/09\/top_06.jpg&quot;);--awb-background-size:cover;--awb-flex-wrap:wrap;\" ><div class=\"fusion-builder-row fusion-row\"><div class=\"fusion-layout-column fusion_builder_column fusion-builder-column-0 fusion_builder_column_1_5 1_5 fusion-one-fifth fusion-column-first logopadding\" style=\"--awb-bg-size:cover;width:20%;width:calc(20% - ( ( 4% ) * 0.2 ) );margin-right: 4%;\"><div class=\"fusion-column-wrapper fusion-column-has-shadow fusion-flex-column-wrapper-legacy\"><div class=\"fusion-sep-clear\"><\/div><div class=\"fusion-separator fusion-full-width-sep\" style=\"margin-left: auto;margin-right: auto;margin-top:150px;margin-bottom:160px;width:100%;\"><\/div><div class=\"fusion-sep-clear\"><\/div><div class=\"fusion-image-element fusion-image-align-left in-legacy-container\" style=\"text-align:left;--awb-max-width:200px;--awb-caption-title-font-family:var(--h2_typography-font-family);--awb-caption-title-font-weight:var(--h2_typography-font-weight);--awb-caption-title-font-style:var(--h2_typography-font-style);--awb-caption-title-size:var(--h2_typography-font-size);--awb-caption-title-transform:var(--h2_typography-text-transform);--awb-caption-title-line-height:var(--h2_typography-line-height);--awb-caption-title-letter-spacing:var(--h2_typography-letter-spacing);\"><span class=\" fusion-imageframe imageframe-none imageframe-1 hover-type-none\" style=\"margin-right:25px;float:left;\"><img decoding=\"async\" width=\"222\" height=\"253\" title=\"logo\" src=\"https:\/\/www.nbn.org.il\/nbnlsp\/wp-content\/uploads\/2019\/10\/logo.png\" alt class=\"img-responsive wp-image-120\" srcset=\"https:\/\/www.nbn.org.il\/nbnlsp\/wp-content\/uploads\/2019\/10\/logo-200x228.png 200w, https:\/\/www.nbn.org.il\/nbnlsp\/wp-content\/uploads\/2019\/10\/logo.png 222w\" sizes=\"(max-width: 800px) 100vw, 222px\" \/><\/span><\/div><div class=\"fusion-clearfix\"><\/div><\/div><\/div><\/div><\/div><div class=\"fusion-fullwidth fullwidth-box fusion-builder-row-2 nonhundred-percent-fullwidth non-hundred-percent-height-scrolling\" style=\"--awb-border-radius-top-left:0px;--awb-border-radius-top-right:0px;--awb-border-radius-bottom-right:0px;--awb-border-radius-bottom-left:0px;--awb-flex-wrap:wrap;\" ><div class=\"fusion-builder-row fusion-row\"><div class=\"fusion-layout-column fusion_builder_column fusion-builder-column-1 fusion_builder_column_1_1 1_1 fusion-one-full fusion-column-first fusion-column-last\" style=\"--awb-padding-right:10px;--awb-padding-left:10px;--awb-bg-size:cover;\"><div class=\"fusion-column-wrapper fusion-column-has-shadow fusion-flex-column-wrapper-legacy\"><div class=\"fusion-text fusion-text-1 greentitle2\"><p style=\"text-align: center;\">Registro<\/p>\n<\/div><div class=\"fusion-text fusion-text-2\"><p>Nuestro formulario de solicitud en l\u00ednea permite a sus asesores brindarle el mejor servicio posible. Brindamos recursos, apoyo y orientaci\u00f3n para un servicio de las FDI exitoso y la aclimataci\u00f3n a la vida en Israel.<\/p>\n<\/div><div class=\"fusion-clearfix\"><\/div><\/div><\/div><\/div><\/div><div class=\"fusion-fullwidth fullwidth-box fusion-builder-row-3 nonhundred-percent-fullwidth non-hundred-percent-height-scrolling\" style=\"--awb-border-radius-top-left:0px;--awb-border-radius-top-right:0px;--awb-border-radius-bottom-right:0px;--awb-border-radius-bottom-left:0px;--awb-margin-bottom:35px;--awb-flex-wrap:wrap;\" ><div class=\"fusion-builder-row fusion-row\"><div class=\"fusion-layout-column fusion_builder_column fusion-builder-column-2 fusion_builder_column_1_4 1_4 fusion-one-fourth fusion-column-first\" style=\"--awb-padding-right:10px;--awb-padding-left:10px;--awb-bg-size:cover;width:25%;width:calc(25% - ( ( 4% + 4% + 4% ) * 0.25 ) );margin-right: 4%;\"><div class=\"fusion-column-wrapper fusion-column-has-shadow fusion-flex-column-wrapper-legacy\"><div class=\"fusion-image-element fusion-image-align-center in-legacy-container\" style=\"text-align:center;--awb-caption-title-font-family:var(--h2_typography-font-family);--awb-caption-title-font-weight:var(--h2_typography-font-weight);--awb-caption-title-font-style:var(--h2_typography-font-style);--awb-caption-title-size:var(--h2_typography-font-size);--awb-caption-title-transform:var(--h2_typography-text-transform);--awb-caption-title-line-height:var(--h2_typography-line-height);--awb-caption-title-letter-spacing:var(--h2_typography-letter-spacing);\"><div class=\"imageframe-align-center\"><span class=\" fusion-imageframe imageframe-none imageframe-2 hover-type-none\"><img decoding=\"async\" width=\"337\" height=\"333\" title=\"register_01\" src=\"https:\/\/www.nbn.org.il\/nbnlsp\/wp-content\/uploads\/2019\/10\/register_01.jpg\" alt class=\"img-responsive wp-image-564\" srcset=\"https:\/\/www.nbn.org.il\/nbnlsp\/wp-content\/uploads\/2019\/10\/register_01-200x198.jpg 200w, https:\/\/www.nbn.org.il\/nbnlsp\/wp-content\/uploads\/2019\/10\/register_01.jpg 337w\" sizes=\"(max-width: 800px) 100vw, 337px\" \/><\/span><\/div><\/div><div class=\"fusion-clearfix\"><\/div><\/div><\/div><div class=\"fusion-layout-column fusion_builder_column fusion-builder-column-3 fusion_builder_column_1_4 1_4 fusion-one-fourth\" style=\"--awb-padding-right:10px;--awb-padding-left:10px;--awb-bg-size:cover;width:25%;width:calc(25% - ( ( 4% + 4% + 4% ) * 0.25 ) );margin-right: 4%;\"><div class=\"fusion-column-wrapper fusion-column-has-shadow fusion-flex-column-wrapper-legacy\"><div class=\"fusion-image-element fusion-image-align-center in-legacy-container\" style=\"text-align:center;--awb-caption-title-font-family:var(--h2_typography-font-family);--awb-caption-title-font-weight:var(--h2_typography-font-weight);--awb-caption-title-font-style:var(--h2_typography-font-style);--awb-caption-title-size:var(--h2_typography-font-size);--awb-caption-title-transform:var(--h2_typography-text-transform);--awb-caption-title-line-height:var(--h2_typography-line-height);--awb-caption-title-letter-spacing:var(--h2_typography-letter-spacing);\"><div class=\"imageframe-align-center\"><span class=\" fusion-imageframe imageframe-none imageframe-3 hover-type-none\"><img decoding=\"async\" width=\"337\" height=\"333\" title=\"register_02\" src=\"https:\/\/www.nbn.org.il\/nbnlsp\/wp-content\/uploads\/2019\/10\/register_02.jpg\" alt class=\"img-responsive wp-image-569\" srcset=\"https:\/\/www.nbn.org.il\/nbnlsp\/wp-content\/uploads\/2019\/10\/register_02-200x198.jpg 200w, https:\/\/www.nbn.org.il\/nbnlsp\/wp-content\/uploads\/2019\/10\/register_02.jpg 337w\" sizes=\"(max-width: 800px) 100vw, 337px\" \/><\/span><\/div><\/div><div class=\"fusion-clearfix\"><\/div><\/div><\/div><div class=\"fusion-layout-column fusion_builder_column fusion-builder-column-4 fusion_builder_column_1_4 1_4 fusion-one-fourth\" style=\"--awb-padding-right:10px;--awb-padding-left:10px;--awb-bg-size:cover;width:25%;width:calc(25% - ( ( 4% + 4% + 4% ) * 0.25 ) );margin-right: 4%;\"><div class=\"fusion-column-wrapper fusion-column-has-shadow fusion-flex-column-wrapper-legacy\"><div class=\"fusion-image-element fusion-image-align-center in-legacy-container\" style=\"text-align:center;--awb-caption-title-font-family:var(--h2_typography-font-family);--awb-caption-title-font-weight:var(--h2_typography-font-weight);--awb-caption-title-font-style:var(--h2_typography-font-style);--awb-caption-title-size:var(--h2_typography-font-size);--awb-caption-title-transform:var(--h2_typography-text-transform);--awb-caption-title-line-height:var(--h2_typography-line-height);--awb-caption-title-letter-spacing:var(--h2_typography-letter-spacing);\"><div class=\"imageframe-align-center\"><span class=\" fusion-imageframe imageframe-none imageframe-4 hover-type-none\"><img decoding=\"async\" width=\"337\" height=\"333\" title=\"register_03\" src=\"https:\/\/www.nbn.org.il\/nbnlsp\/wp-content\/uploads\/2019\/10\/register_03.jpg\" alt class=\"img-responsive wp-image-574\" srcset=\"https:\/\/www.nbn.org.il\/nbnlsp\/wp-content\/uploads\/2019\/10\/register_03-200x198.jpg 200w, https:\/\/www.nbn.org.il\/nbnlsp\/wp-content\/uploads\/2019\/10\/register_03.jpg 337w\" sizes=\"(max-width: 800px) 100vw, 337px\" \/><\/span><\/div><\/div><div class=\"fusion-clearfix\"><\/div><\/div><\/div><div class=\"fusion-layout-column fusion_builder_column fusion-builder-column-5 fusion_builder_column_1_4 1_4 fusion-one-fourth fusion-column-last\" style=\"--awb-padding-right:10px;--awb-padding-left:10px;--awb-bg-size:cover;width:25%;width:calc(25% - ( ( 4% + 4% + 4% ) * 0.25 ) );\"><div class=\"fusion-column-wrapper fusion-column-has-shadow fusion-flex-column-wrapper-legacy\"><div class=\"fusion-image-element fusion-image-align-center in-legacy-container\" style=\"text-align:center;--awb-caption-title-font-family:var(--h2_typography-font-family);--awb-caption-title-font-weight:var(--h2_typography-font-weight);--awb-caption-title-font-style:var(--h2_typography-font-style);--awb-caption-title-size:var(--h2_typography-font-size);--awb-caption-title-transform:var(--h2_typography-text-transform);--awb-caption-title-line-height:var(--h2_typography-line-height);--awb-caption-title-letter-spacing:var(--h2_typography-letter-spacing);\"><div class=\"imageframe-align-center\"><span class=\" fusion-imageframe imageframe-none imageframe-5 hover-type-none\"><img decoding=\"async\" width=\"337\" height=\"333\" title=\"register_04\" src=\"https:\/\/www.nbn.org.il\/nbnlsp\/wp-content\/uploads\/2019\/10\/register_04.jpg\" alt class=\"img-responsive wp-image-579\" srcset=\"https:\/\/www.nbn.org.il\/nbnlsp\/wp-content\/uploads\/2019\/10\/register_04-200x198.jpg 200w, https:\/\/www.nbn.org.il\/nbnlsp\/wp-content\/uploads\/2019\/10\/register_04.jpg 337w\" sizes=\"(max-width: 800px) 100vw, 337px\" \/><\/span><\/div><\/div><div class=\"fusion-clearfix\"><\/div><\/div><\/div><div class=\"fusion-layout-column fusion_builder_column fusion-builder-column-6 fusion_builder_column_1_1 1_1 fusion-one-full fusion-column-first fusion-column-last\" style=\"--awb-bg-size:cover;\"><div class=\"fusion-column-wrapper fusion-column-has-shadow fusion-flex-column-wrapper-legacy\"><div class=\"fusion-sep-clear\"><\/div><div class=\"fusion-separator fusion-full-width-sep\" style=\"margin-left: auto;margin-right: auto;margin-top:10px;margin-bottom:10px;width:100%;\"><\/div><div class=\"fusion-sep-clear\"><\/div><div class=\"fusion-text fusion-text-3 greensubheaderbold\"><p style=\"text-align: center;\">Por favor rellene el siguiente formulario:<\/p>\n<\/div><div class=\"fusion-sep-clear\"><\/div><div class=\"fusion-separator fusion-full-width-sep\" style=\"margin-left: auto;margin-right: auto;margin-top:10px;margin-bottom:10px;width:100%;\"><\/div><div class=\"fusion-sep-clear\"><\/div><div class=\"fusion-aligncenter\"><a class=\"fusion-button button-flat button-xlarge button-custom fusion-button-default button-1 fusion-button-span-no fusion-button-default-type\" style=\"--button_accent_color:#ffffff;--button_accent_hover_color:#02613a;--button_border_hover_color:#02613a;--button_border_width-top:1px;--button_border_width-right:1px;--button_border_width-bottom:1px;--button_border_width-left:1px;--button_gradient_top_color:#02613a;--button_gradient_bottom_color:#02613a;--button_gradient_top_color_hover:#ffffff;--button_gradient_bottom_color_hover:#ffffff;\" target=\"_blank\" rel=\"noopener noreferrer\" href=\"https:\/\/it-nbn.formtitan.com\/ftproject\/lsp_reg\"><span class=\"fusion-button-text awb-button__text awb-button__text--default\">Reg\u00edstrese ahora<\/span><\/a><\/div><div class=\"fusion-clearfix\"><\/div><\/div><\/div><\/div><\/div><div class=\"fusion-fullwidth fullwidth-box fusion-builder-row-4 nonhundred-percent-fullwidth non-hundred-percent-height-scrolling\" style=\"--awb-border-radius-top-left:0px;--awb-border-radius-top-right:0px;--awb-border-radius-bottom-right:0px;--awb-border-radius-bottom-left:0px;--awb-padding-top:30px;--awb-padding-right:15px;--awb-padding-bottom:15px;--awb-padding-left:15px;--awb-background-color:#91c546;--awb-flex-wrap:wrap;\" ><div class=\"fusion-builder-row fusion-row\"><div class=\"fusion-layout-column fusion_builder_column fusion-builder-column-7 fusion_builder_column_1_3 1_3 fusion-one-third fusion-column-first\" style=\"--awb-bg-size:cover;width:33.333333333333%;width:calc(33.333333333333% - ( ( 4% + 4% ) * 0.33333333333333 ) );margin-right: 4%;\"><div class=\"fusion-column-wrapper fusion-column-has-shadow fusion-flex-column-wrapper-legacy\"><div class=\"fusion-text fusion-text-4 footerheaders\"><p>Llame Ahora!<\/p>\n<\/div><div class=\"fusion-text fusion-text-5\"><p><span style=\"color: #ffffff;\">*6563 desde Israel (24\/7)<\/span><\/p>\n<\/div><div class=\"fusion-clearfix\"><\/div><\/div><\/div><div class=\"fusion-layout-column fusion_builder_column fusion-builder-column-8 fusion_builder_column_1_3 1_3 fusion-one-third\" style=\"--awb-bg-size:cover;width:33.333333333333%;width:calc(33.333333333333% - ( ( 4% + 4% ) * 0.33333333333333 ) );margin-right: 4%;\"><div class=\"fusion-column-wrapper fusion-column-has-shadow fusion-flex-column-wrapper-legacy\"><div class=\"fusion-text fusion-text-6 footerheaders\"><p><span data-sheets-value=\"\" data-sheets-userformat=\"\">Mande un e-mail<\/span><\/p>\n<\/div><div class=\"fusion-text fusion-text-7\"><p><a href=\"mailto:lspes@nbn.org.il\"><img decoding=\"async\" class=\"alignnone wp-image-90 size-full\" src=\"https:\/\/www.nbn.org.il\/nbnlsp\/wp-content\/uploads\/2019\/10\/email.png\" alt=\"\" width=\"79\" height=\"58\" \/><\/a><\/p>\n<\/div><div class=\"fusion-clearfix\"><\/div><\/div><\/div><div class=\"fusion-layout-column fusion_builder_column fusion-builder-column-9 fusion_builder_column_1_3 1_3 fusion-one-third fusion-column-last\" style=\"--awb-bg-size:cover;width:33.333333333333%;width:calc(33.333333333333% - ( ( 4% + 4% ) * 0.33333333333333 ) );\"><div class=\"fusion-column-wrapper fusion-column-has-shadow fusion-flex-column-wrapper-legacy\"><div class=\"fusion-text fusion-text-8 footerheaders\"><p><span data-sheets-value=\"\" data-sheets-userformat=\"\">Cont\u00e1ctenos<\/span><\/p>\n<\/div><div class=\"fusion-text fusion-text-9\"><p><a href=\"https:\/\/www.facebook.com\/NefeshBNefeshEspanol\" target=\"_blank\" rel=\"noopener noreferrer\"><img decoding=\"async\" class=\"alignnone wp-image-88059 size-full\" src=\"https:\/\/www.nbn.org.il\/nbnlsp\/wp-content\/uploads\/2020\/07\/fb_sm.png\" alt=\"\" width=\"50\" height=\"50\" \/><\/a>\u00a0 <a href=\"http:\/\/www.instagram.com\/nbn_lonesoldiers\/\" target=\"_blank\" rel=\"noopener noreferrer\"><img decoding=\"async\" class=\"alignnone wp-image-88064 size-full\" src=\"https:\/\/www.nbn.org.il\/nbnlsp\/wp-content\/uploads\/2020\/07\/insta_sm.png\" alt=\"\" width=\"50\" height=\"50\" \/><\/a><\/p>\n<\/div><div class=\"fusion-clearfix\"><\/div><\/div><\/div><\/div><\/div>\n<div class=\"fusion-fullwidth fullwidth-box fusion-builder-row-5 nonhundred-percent-fullwidth non-hundred-percent-height-scrolling\" style=\"--awb-border-radius-top-left:0px;--awb-border-radius-top-right:0px;--awb-border-radius-bottom-right:0px;--awb-border-radius-bottom-left:0px;--awb-padding-top:20px;--awb-padding-right:15px;--awb-padding-bottom:15px;--awb-padding-left:15px;--awb-background-color:#f3f9ec;--awb-flex-wrap:wrap;\" ><div class=\"fusion-builder-row fusion-row\"><div class=\"fusion-layout-column fusion_builder_column fusion-builder-column-10 fusion_builder_column_1_1 1_1 fusion-one-full fusion-column-first fusion-column-last\" style=\"--awb-bg-size:cover;\"><div class=\"fusion-column-wrapper fusion-column-has-shadow fusion-flex-column-wrapper-legacy\"><div class=\"fusion-text fusion-text-10 disclaimer\"><p><b>Advertencia <\/b><br \/>\nEl objetivo de Nefesh B\u2019Nefesh y sus socios es ayudar a los nuevos inmigrantes a Israel que son reclutados por las FDI. No es el objetivo, ni parte del alcance de las actividades operativas de la organizaci\u00f3n o sus socios ayudar a reclutar soldados para las Fuerzas de Defensa de Israel.<\/p>\n<\/div><div class=\"fusion-clearfix\"><\/div><\/div><\/div><\/div><\/div>\n<\/p>\n","protected":false},"excerpt":{"rendered":"","protected":false},"author":2,"featured_media":0,"parent":0,"menu_order":0,"comment_status":"closed","ping_status":"closed","template":"100-width.php","meta":{"_monsterinsights_skip_tracking":false,"_monsterinsights_sitenote_active":false,"_monsterinsights_sitenote_note":"","_monsterinsights_sitenote_category":0,"footnotes":""},"class_list":["post-88647","page","type-page","status-publish","hentry"],"_links":{"self":[{"href":"https:\/\/www.nbn.org.il\/nbnlsp\/wp-json\/wp\/v2\/pages\/88647","targetHints":{"allow":["GET"]}}],"collection":[{"href":"https:\/\/www.nbn.org.il\/nbnlsp\/wp-json\/wp\/v2\/pages"}],"about":[{"href":"https:\/\/www.nbn.org.il\/nbnlsp\/wp-json\/wp\/v2\/types\/page"}],"author":[{"embeddable":true,"href":"https:\/\/www.nbn.org.il\/nbnlsp\/wp-json\/wp\/v2\/users\/2"}],"replies":[{"embeddable":true,"href":"https:\/\/www.nbn.org.il\/nbnlsp\/wp-json\/wp\/v2\/comments?post=88647"}],"version-history":[{"count":8,"href":"https:\/\/www.nbn.org.il\/nbnlsp\/wp-json\/wp\/v2\/pages\/88647\/revisions"}],"predecessor-version":[{"id":89254,"href":"https:\/\/www.nbn.org.il\/nbnlsp\/wp-json\/wp\/v2\/pages\/88647\/revisions\/89254"}],"wp:attachment":[{"href":"https:\/\/www.nbn.org.il\/nbnlsp\/wp-json\/wp\/v2\/media?parent=88647"}],"curies":[{"name":"wp","href":"https:\/\/api.w.org\/{rel}","templated":true}]}}